{"id":2818,"date":"2017-06-13T16:01:14","date_gmt":"2017-06-13T14:01:14","guid":{"rendered":"http:\/\/www.penzionzlatydukat.sk\/?page_id=2818"},"modified":"2017-06-16T14:06:16","modified_gmt":"2017-06-16T12:06:16","slug":"catering","status":"publish","type":"page","link":"https:\/\/www.penzionzlatydukat.sk\/en\/catering\/","title":{"rendered":"Catering"},"content":{"rendered":"<div id=\"pl-2818\"  class=\"panel-layout\" ><div id=\"pg-2818-0\"  class=\"panel-grid panel-no-style\" ><div id=\"pgc-2818-0-0\"  class=\"panel-grid-cell\" ><div id=\"panel-2818-0-0-0\" class=\"so-panel widget widget_text panel-first-child panel-last-child\" data-index=\"0\" >\t\t\t<div class=\"textwidget\"><p>Bl\u00ed\u017ei sa v\u00e1m alebo va\u0161im bl\u00edzkym \u017eivotn\u00e9 jubileum, kr\u0161tiny alebo pl\u00e1nujete rodinn\u00fa oslavu, z\u00e1hradn\u00fa party \u010di dokonca svadbu?<\/p>\n<p>Chceli by ste zorganizova\u0165 tak\u00fato udalos\u0165 u\u00a0v\u00e1s doma, v z\u00e1hrade \u010di vo va\u0161ej firme?\u00a0 Chceli by ste sa pop\u00fd\u0161i\u0165 pe\u010den\u00fdm prasiatkom, skvel\u00fdmi grilovan\u00fdmi kolenami alebo dozlatista upe\u010denou ka\u010dacinou s\u00a0dom\u00e1cimi lok\u0161ami?<\/p>\n<p>Nechajte n\u00e1s postara\u0165 sa, o\u00a0v\u0161etky veci potrebn\u00e9 k\u00a0zorganizovaniu Va\u0161ich d\u00f4le\u017eit\u00fdch udalost\u00ed, od sl\u00e1vnostnej hostiny, cez v\u00fdzdobu, \u013eudov\u00fa hudbu alebo DJ-a, a\u017e po odvoz host\u00ed z\u00a0oslavy, na\u0161im minibusom domov, alebo do n\u00e1\u0161ho penzi\u00f3nu.<\/p>\n<p>N\u00e1\u0161 profesion\u00e1lny t\u00edm kuch\u00e1rov a\u00a0vynikaj\u00faca obsluha zabezpe\u010d\u00ed v\u0161etky cateringov\u00e9 slu\u017eby od A\u00a0po Z.<\/p>\n<p>Volajte u\u017e teraz na 0908 900\u00a0484 a\u00a0rezervujte si term\u00edn akcie.<\/p>\n<\/div>\n\t\t<\/div><\/div><div id=\"pgc-2818-0-1\"  class=\"panel-grid-cell\" ><div id=\"panel-2818-0-1-0\" class=\"so-panel widget widget_sow-image panel-first-child panel-last-child\" data-index=\"1\" ><div\n\t\t\t\n\t\t\tclass=\"so-widget-sow-image so-widget-sow-image-default-8b5b6f678277-2818\"\n\t\t\t\n\t\t>\n<div class=\"sow-image-container\">\n\t\t<img \n\tsrc=\"https:\/\/www.penzionzlatydukat.sk\/wp-content\/themes\/linguini\/frontend\/assets\/images\/placeholder.png\" data-src=\"https:\/\/www.penzionzlatydukat.sk\/wp-content\/uploads\/2017\/06\/Catering-2017.gif\" width=\"1275\" height=\"1875\" sizes=\"(max-width: 1275px) 100vw, 1275px\" alt=\"\" \t\tclass=\"fy-image fy-image-responsive fy-lazy so-widget-image\"\/><noscript><img \n\tsrc=\"https:\/\/www.penzionzlatydukat.sk\/wp-content\/uploads\/2017\/06\/Catering-2017.gif\" width=\"1275\" height=\"1875\" sizes=\"(max-width: 1275px) 100vw, 1275px\" alt=\"\" \t\tclass=\"so-widget-image\"\/><\/noscript>\n\t<\/div>\n\n<\/div><\/div><\/div><\/div><\/div>","protected":false},"excerpt":{"rendered":"<p>Bl\u00ed\u017ei sa v\u00e1m alebo va\u0161im bl\u00edzkym \u017eivotn\u00e9 jubileum, kr\u0161tiny alebo pl\u00e1nujete rodinn\u00fa oslavu, z\u00e1hradn\u00fa party \u010di dokonca svadbu? Chceli by ste zorganizova\u0165 tak\u00fato udalos\u0165 u\u00a0v\u00e1s doma, v z\u00e1hrade \u010di vo va\u0161ej firme?\u00a0 Chceli by ste sa pop\u00fd\u0161i\u0165 pe\u010den\u00fdm prasiatkom, skvel\u00fdmi grilovan\u00fdmi kolenami alebo dozlatista upe\u010denou ka\u010dacinou s\u00a0dom\u00e1cimi lok\u0161ami? Nechajte n\u00e1s postara\u0165 sa, o\u00a0v\u0161etky veci potrebn\u00e9 &#8230;<\/p>\n","protected":false},"author":1,"featured_media":0,"parent":0,"menu_order":0,"comment_status":"closed","ping_status":"closed","template":"template-full.php","meta":{"footnotes":""},"class_list":["post-2818","page","type-page","status-publish","hentry"],"aioseo_notices":[],"_links":{"self":[{"href":"https:\/\/www.penzionzlatydukat.sk\/en\/wp-json\/wp\/v2\/pages\/2818","targetHints":{"allow":["GET"]}}],"collection":[{"href":"https:\/\/www.penzionzlatydukat.sk\/en\/wp-json\/wp\/v2\/pages"}],"about":[{"href":"https:\/\/www.penzionzlatydukat.sk\/en\/wp-json\/wp\/v2\/types\/page"}],"author":[{"embeddable":true,"href":"https:\/\/www.penzionzlatydukat.sk\/en\/wp-json\/wp\/v2\/users\/1"}],"replies":[{"embeddable":true,"href":"https:\/\/www.penzionzlatydukat.sk\/en\/wp-json\/wp\/v2\/comments?post=2818"}],"version-history":[{"count":7,"href":"https:\/\/www.penzionzlatydukat.sk\/en\/wp-json\/wp\/v2\/pages\/2818\/revisions"}],"predecessor-version":[{"id":2949,"href":"https:\/\/www.penzionzlatydukat.sk\/en\/wp-json\/wp\/v2\/pages\/2818\/revisions\/2949"}],"wp:attachment":[{"href":"https:\/\/www.penzionzlatydukat.sk\/en\/wp-json\/wp\/v2\/media?parent=2818"}],"curies":[{"name":"wp","href":"https:\/\/api.w.org\/{rel}","templated":true}]}}