{"id":732,"date":"2017-02-27T13:59:13","date_gmt":"2017-02-27T12:59:13","guid":{"rendered":"http:\/\/www.penzionzlatydukat.sk\/?page_id=732"},"modified":"2019-07-18T13:17:53","modified_gmt":"2019-07-18T11:17:53","slug":"o-penzione","status":"publish","type":"page","link":"https:\/\/www.penzionzlatydukat.sk\/en\/o-penzione\/","title":{"rendered":"O penzi\u00f3ne"},"content":{"rendered":"<div id=\"pl-732\"  class=\"panel-layout\" ><div id=\"pg-732-0\"  class=\"panel-grid panel-no-style\" ><div id=\"pgc-732-0-0\"  class=\"panel-grid-cell\" ><div id=\"panel-732-0-0-0\" class=\"so-panel widget widget_text panel-first-child panel-last-child\" data-index=\"0\" ><h3 class=\"widget-title\">Penzi\u00f3n Zlat\u00fd duk\u00e1t<\/h3>\t\t\t<div class=\"textwidget\"><p>sa nach\u00e1dza v obci Zvolensk\u00e1 Slatina 10 km od Zvolena smerom na Ko\u0161ice. Penzi\u00f3n m\u00e1 kapacitu 30 l\u00f4\u017eok v \u0161tandardn\u00fdch a rodinn\u00fdch izb\u00e1ch so samostatnou k\u00fapel\u0148ou a sprchovac\u00edm k\u00fatom , satelitn\u00fdm pr\u00edjmom TV, bezplatn\u00fdm WI-Fi na izb\u00e1ch aj v celom are\u00e1li penzi\u00f3nu. L\u00e1kav\u00e9 je  aj  bezplatn\u00e9 parkovanie osobn\u00fdch vozidiel v bezpe\u010dnom uzavretom dvore, vyh\u013ead\u00e1van\u00e9 najm\u00e4 obchodn\u00fdmi cestuj\u00facimi.<\/p>\n<\/div>\n\t\t<\/div><\/div><div id=\"pgc-732-0-1\"  class=\"panel-grid-cell\" ><div id=\"panel-732-0-1-0\" class=\"so-panel widget widget_sow-image panel-first-child panel-last-child\" data-index=\"1\" ><div\n\t\t\t\n\t\t\tclass=\"so-widget-sow-image so-widget-sow-image-default-a258e6bfa2d8-732\"\n\t\t\t\n\t\t>\n<div class=\"sow-image-container\">\n\t\t<img \n\tsrc=\"https:\/\/www.penzionzlatydukat.sk\/wp-content\/themes\/linguini\/frontend\/assets\/images\/placeholder.png\" data-src=\"https:\/\/www.penzionzlatydukat.sk\/wp-content\/uploads\/2017\/05\/penzion-768x512.jpg\" width=\"768\" height=\"512\" srcset=\"https:\/\/www.penzionzlatydukat.sk\/wp-content\/uploads\/2017\/05\/penzion-768x512.jpg 768w, https:\/\/www.penzionzlatydukat.sk\/wp-content\/uploads\/2017\/05\/penzion-300x200.jpg 300w, https:\/\/www.penzionzlatydukat.sk\/wp-content\/uploads\/2017\/05\/penzion-1024x683.jpg 1024w, https:\/\/www.penzionzlatydukat.sk\/wp-content\/uploads\/2017\/05\/penzion.jpg 1920w, https:\/\/www.penzionzlatydukat.sk\/wp-content\/uploads\/2017\/05\/penzion-1200x800.jpg 1200w, https:\/\/www.penzionzlatydukat.sk\/wp-content\/uploads\/2017\/05\/penzion-272x182.jpg 272w\" sizes=\"(max-width: 768px) 100vw, 768px\" alt=\"\" \t\tclass=\"fy-image fy-image-responsive fy-lazy so-widget-image\"\/><noscript><img \n\tsrc=\"https:\/\/www.penzionzlatydukat.sk\/wp-content\/uploads\/2017\/05\/penzion-768x512.jpg\" width=\"768\" height=\"512\" srcset=\"https:\/\/www.penzionzlatydukat.sk\/wp-content\/uploads\/2017\/05\/penzion-768x512.jpg 768w, https:\/\/www.penzionzlatydukat.sk\/wp-content\/uploads\/2017\/05\/penzion-300x200.jpg 300w, https:\/\/www.penzionzlatydukat.sk\/wp-content\/uploads\/2017\/05\/penzion-1024x683.jpg 1024w, https:\/\/www.penzionzlatydukat.sk\/wp-content\/uploads\/2017\/05\/penzion.jpg 1920w, https:\/\/www.penzionzlatydukat.sk\/wp-content\/uploads\/2017\/05\/penzion-1200x800.jpg 1200w, https:\/\/www.penzionzlatydukat.sk\/wp-content\/uploads\/2017\/05\/penzion-272x182.jpg 272w\" sizes=\"(max-width: 768px) 100vw, 768px\" alt=\"\" \t\tclass=\"so-widget-image\"\/><\/noscript>\n\t<\/div>\n\n<\/div><\/div><\/div><\/div><div id=\"pg-732-1\"  class=\"panel-grid panel-no-style\" ><div id=\"pgc-732-1-0\"  class=\"panel-grid-cell\" ><div id=\"panel-732-1-0-0\" class=\"so-panel widget widget_sow-image panel-first-child panel-last-child\" data-index=\"2\" ><div\n\t\t\t\n\t\t\tclass=\"so-widget-sow-image so-widget-sow-image-default-4e6925654b7a-732\"\n\t\t\t\n\t\t>\n<div class=\"sow-image-container\">\n\t\t<img \n\tsrc=\"https:\/\/www.penzionzlatydukat.sk\/wp-content\/themes\/linguini\/frontend\/assets\/images\/placeholder.png\" data-src=\"https:\/\/www.penzionzlatydukat.sk\/wp-content\/uploads\/2019\/07\/re\u0161tika-768x576.jpg\" width=\"768\" height=\"576\" srcset=\"https:\/\/www.penzionzlatydukat.sk\/wp-content\/uploads\/2019\/07\/re\u0161tika-768x576.jpg 768w, https:\/\/www.penzionzlatydukat.sk\/wp-content\/uploads\/2019\/07\/re\u0161tika-300x225.jpg 300w, https:\/\/www.penzionzlatydukat.sk\/wp-content\/uploads\/2019\/07\/re\u0161tika-1024x768.jpg 1024w, https:\/\/www.penzionzlatydukat.sk\/wp-content\/uploads\/2019\/07\/re\u0161tika-800x600.jpg 800w, https:\/\/www.penzionzlatydukat.sk\/wp-content\/uploads\/2019\/07\/re\u0161tika-1600x1200.jpg 1600w, https:\/\/www.penzionzlatydukat.sk\/wp-content\/uploads\/2019\/07\/re\u0161tika-1920x1440.jpg 1920w, https:\/\/www.penzionzlatydukat.sk\/wp-content\/uploads\/2019\/07\/re\u0161tika-1200x900.jpg 1200w\" sizes=\"(max-width: 768px) 100vw, 768px\" alt=\"\" \t\tclass=\"fy-image fy-image-responsive fy-lazy so-widget-image\"\/><noscript><img \n\tsrc=\"https:\/\/www.penzionzlatydukat.sk\/wp-content\/uploads\/2019\/07\/re\u0161tika-768x576.jpg\" width=\"768\" height=\"576\" srcset=\"https:\/\/www.penzionzlatydukat.sk\/wp-content\/uploads\/2019\/07\/re\u0161tika-768x576.jpg 768w, https:\/\/www.penzionzlatydukat.sk\/wp-content\/uploads\/2019\/07\/re\u0161tika-300x225.jpg 300w, https:\/\/www.penzionzlatydukat.sk\/wp-content\/uploads\/2019\/07\/re\u0161tika-1024x768.jpg 1024w, https:\/\/www.penzionzlatydukat.sk\/wp-content\/uploads\/2019\/07\/re\u0161tika-800x600.jpg 800w, https:\/\/www.penzionzlatydukat.sk\/wp-content\/uploads\/2019\/07\/re\u0161tika-1600x1200.jpg 1600w, https:\/\/www.penzionzlatydukat.sk\/wp-content\/uploads\/2019\/07\/re\u0161tika-1920x1440.jpg 1920w, https:\/\/www.penzionzlatydukat.sk\/wp-content\/uploads\/2019\/07\/re\u0161tika-1200x900.jpg 1200w\" sizes=\"(max-width: 768px) 100vw, 768px\" alt=\"\" \t\tclass=\"so-widget-image\"\/><\/noscript>\n\t<\/div>\n\n<\/div><\/div><\/div><div id=\"pgc-732-1-1\"  class=\"panel-grid-cell\" ><div id=\"panel-732-1-1-0\" class=\"so-panel widget widget_text panel-first-child panel-last-child\" data-index=\"3\" ><h3 class=\"widget-title\">Re\u0161taur\u00e1cia<\/h3>\t\t\t<div class=\"textwidget\"><p>S\u00fa\u010das\u0165ou penzi\u00f3nu  Zlat\u00fd Duk\u00e1t je \u0161t\u00fdlov\u00e1 re\u0161taur\u00e1cia s rodinnou atmosf\u00e9rou, zn\u00e1ma  v\u00fdbornou kuchy\u0148ou. Ob\u013e\u00faben\u00e9 s\u00fa  chutn\u00e9 \u0161peciality slovenskej kuchyne, ale aj tradi\u010dn\u00e9 dom\u00e1ce a sez\u00f3nne  jedl\u00e1.  Sk\u00fasen\u00ed kuch\u00e1ri v\u00e1m  jedine\u010dne pripravia husacie a ka\u010dacie \u0161peciality s vynikaj\u00facimi dom\u00e1cimi lok\u0161ami, dr\u017ekov\u00e9 jedl\u00e1 ako nikde inde, \u0161peciality po\u013eovn\u00edckej kuchyne alebo pe\u010den\u00e9 prasiatko, grilovan\u00e9 kolen\u00e1 \u010di dom\u00e1ce \u0165ahan\u00e9 \u0161tr\u00fadle.<\/p>\n<\/div>\n\t\t<\/div><\/div><\/div><div id=\"pg-732-2\"  class=\"panel-grid panel-no-style\" ><div id=\"pgc-732-2-0\"  class=\"panel-grid-cell\" ><div id=\"panel-732-2-0-0\" class=\"so-panel widget widget_text panel-first-child panel-last-child\" data-index=\"4\" ><h3 class=\"widget-title\">Z\u00e1hradn\u00e9 svadby a oslavy<\/h3>\t\t\t<div class=\"textwidget\"><p>V\u00a0letn\u00fdch mesiacoch, m\u00e1j a\u017e okt\u00f3ber organizujeme romantick\u00e9 z\u00e1hradn\u00e9 svadby, svadobn\u00e9 obrady, oslavy, grilova\u010dky, firemn\u00e9 akcie v\u00a0n\u00e1dhernom prostred\u00ed z\u00e1hrady plnej zelene a kvetov.<\/p>\n<p>Biely z\u00e1hradn\u00fd stan s\u00a0kapacitou 150 os\u00f4b alebo z\u00e1hradn\u00fd alt\u00e1nok s\u00a0kapacitou 30 os\u00f4b priprav\u00edme pre V\u00e1s a\u00a0Va\u0161ich host\u00ed, tak aby sme vytvorili \u010darovn\u00fa atmosf\u00e9ru a\u00a0celkov\u00fd moment V\u00e1\u0161ho sl\u00e1vnostn\u00e9ho d\u0148a zanechal nezabudnute\u013en\u00fd dojem na V\u00e1s a\u00a0Va\u0161ich najbli\u017e\u0161\u00edch.<\/p>\n<\/div>\n\t\t<\/div><\/div><div id=\"pgc-732-2-1\"  class=\"panel-grid-cell\" ><div id=\"panel-732-2-1-0\" class=\"so-panel widget widget_sow-image panel-first-child panel-last-child\" data-index=\"5\" ><div\n\t\t\t\n\t\t\tclass=\"so-widget-sow-image so-widget-sow-image-default-8b5b6f678277-732\"\n\t\t\t\n\t\t>\n<div class=\"sow-image-container\">\n\t\t<img \n\tsrc=\"https:\/\/www.penzionzlatydukat.sk\/wp-content\/themes\/linguini\/frontend\/assets\/images\/placeholder.png\" data-src=\"https:\/\/www.penzionzlatydukat.sk\/wp-content\/uploads\/2018\/06\/zahrada-tanec.jpg\" width=\"972\" height=\"648\" srcset=\"https:\/\/www.penzionzlatydukat.sk\/wp-content\/uploads\/2018\/06\/zahrada-tanec.jpg 972w, https:\/\/www.penzionzlatydukat.sk\/wp-content\/uploads\/2018\/06\/zahrada-tanec-300x200.jpg 300w, https:\/\/www.penzionzlatydukat.sk\/wp-content\/uploads\/2018\/06\/zahrada-tanec-768x512.jpg 768w, https:\/\/www.penzionzlatydukat.sk\/wp-content\/uploads\/2018\/06\/zahrada-tanec-272x182.jpg 272w\" sizes=\"(max-width: 972px) 100vw, 972px\" title=\"zahrada tanec\" alt=\"\" \t\tclass=\"fy-image fy-image-responsive fy-lazy so-widget-image\"\/><noscript><img \n\tsrc=\"https:\/\/www.penzionzlatydukat.sk\/wp-content\/uploads\/2018\/06\/zahrada-tanec.jpg\" width=\"972\" height=\"648\" srcset=\"https:\/\/www.penzionzlatydukat.sk\/wp-content\/uploads\/2018\/06\/zahrada-tanec.jpg 972w, https:\/\/www.penzionzlatydukat.sk\/wp-content\/uploads\/2018\/06\/zahrada-tanec-300x200.jpg 300w, https:\/\/www.penzionzlatydukat.sk\/wp-content\/uploads\/2018\/06\/zahrada-tanec-768x512.jpg 768w, https:\/\/www.penzionzlatydukat.sk\/wp-content\/uploads\/2018\/06\/zahrada-tanec-272x182.jpg 272w\" sizes=\"(max-width: 972px) 100vw, 972px\" title=\"zahrada tanec\" alt=\"\" \t\tclass=\"so-widget-image\"\/><\/noscript>\n\t<\/div>\n\n<\/div><\/div><\/div><\/div><div id=\"pg-732-3\"  class=\"panel-grid panel-no-style\" ><div id=\"pgc-732-3-0\"  class=\"panel-grid-cell\" ><div id=\"panel-732-3-0-0\" class=\"so-panel widget widget_sow-image panel-first-child panel-last-child\" data-index=\"6\" ><div\n\t\t\t\n\t\t\tclass=\"so-widget-sow-image so-widget-sow-image-default-8b5b6f678277-732\"\n\t\t\t\n\t\t>\n<div class=\"sow-image-container\">\n\t\t<img \n\tsrc=\"https:\/\/www.penzionzlatydukat.sk\/wp-content\/themes\/linguini\/frontend\/assets\/images\/placeholder.png\" data-src=\"https:\/\/www.penzionzlatydukat.sk\/wp-content\/uploads\/2017\/02\/foto.jpg\" width=\"498\" height=\"373\" srcset=\"https:\/\/www.penzionzlatydukat.sk\/wp-content\/uploads\/2017\/02\/foto.jpg 498w, https:\/\/www.penzionzlatydukat.sk\/wp-content\/uploads\/2017\/02\/foto-300x225.jpg 300w\" sizes=\"(max-width: 498px) 100vw, 498px\" alt=\"\" \t\tclass=\"fy-image fy-image-responsive fy-lazy so-widget-image\"\/><noscript><img \n\tsrc=\"https:\/\/www.penzionzlatydukat.sk\/wp-content\/uploads\/2017\/02\/foto.jpg\" width=\"498\" height=\"373\" srcset=\"https:\/\/www.penzionzlatydukat.sk\/wp-content\/uploads\/2017\/02\/foto.jpg 498w, https:\/\/www.penzionzlatydukat.sk\/wp-content\/uploads\/2017\/02\/foto-300x225.jpg 300w\" sizes=\"(max-width: 498px) 100vw, 498px\" alt=\"\" \t\tclass=\"so-widget-image\"\/><\/noscript>\n\t<\/div>\n\n<\/div><\/div><\/div><div id=\"pgc-732-3-1\"  class=\"panel-grid-cell\" ><div id=\"panel-732-3-1-0\" class=\"so-panel widget widget_text panel-first-child panel-last-child\" data-index=\"7\" ><h3 class=\"widget-title\">Laserov\u00e1 strelnica<\/h3>\t\t\t<div class=\"textwidget\"><p>Ak chcete za\u017ei\u0165 skvel\u00fa z\u00e1bavu na oslave alebo firemnej akcii m\u00f4\u017eete si u\u017ei\u0165 lov na ka\u010dice, ba\u017eanty, jelene \u010di diviaky na ob\u013e\u00fabenej laserovej strelnici.<br \/>\nLaserov\u00e1 strelnica je ur\u010den\u00e1 hlavne na pestovanie z\u00e1kladn\u00fdch streleck\u00fdch n\u00e1vykov ale aj pre pobavenie z\u00e1ujemcov o stre\u013ebu.<br \/>\nLaserov\u00fd simul\u00e1tor\u00a0 stre\u013eby obsahuje 17 druhov\u00a0 stre\u013eby, ur\u010den\u00fdch pre z\u00e1kladn\u00fd v\u00fdcvik po\u013eovn\u00edkov(stre\u013eba brokovnicou a gu\u013eovnicou na ka\u010dky, ba\u017eanty, sluky, holuby, sysle, divia\u010diu zver)\u00a0pre \u0161portov\u00fdch strelcov(stre\u013eba na pevn\u00e9, pohybliv\u00e9 ter\u010de)\u00a0 pre v\u00fdcvik stre\u013eby a osvojenie z\u00e1kladn\u00fdch streleck\u00fdch n\u00e1vykov(vertik\u00e1lna a horizont\u00e1lna stre\u013eba na \u010das a presnos\u0165).<br \/>\nStrie\u013ea\u00a0 sa\u00a0 z laserov\u00fdch\u00a0 zbran\u00ed ( pu\u0161ka, pi\u0161to\u013e). Zbrane s\u00fa bez k\u00e1blov ni\u010d\u00edm neobmedzovan\u00e9. Presnos\u0165 z\u00e1sahu vyhodnocuje sn\u00edmacia kamera a na z\u00e1ver po\u010d\u00edta\u010d spracuje \u00faspe\u0161nos\u0165 stre\u013eby.<br \/>\nStrelnica je prenosn\u00e1 a je mo\u017en\u00e9 ju vyu\u017ei\u0165 aj pri organizovan\u00ed firemn\u00fdch \u010di s\u00fakromn\u00fdch podujatiach ( d\u00e1 sa jednoducho a r\u00fdchlo nain\u0161talova\u0165).<\/p>\n<\/div>\n\t\t<\/div><\/div><\/div><div id=\"pg-732-4\"  class=\"panel-grid panel-no-style\" ><div id=\"pgc-732-4-0\"  class=\"panel-grid-cell\" ><div id=\"panel-732-4-0-0\" class=\"so-panel widget widget_text panel-first-child panel-last-child\" data-index=\"8\" >\t\t\t<div class=\"textwidget\"><p>V\u0161etky pon\u00fakan\u00e9 slu\u017eby zabezpe\u010dujeme aj externe formou cateringu pod\u013ea Va\u0161ich po\u017eiadaviek. M\u00f4\u017ee to by\u0165 u V\u00e1s doma, vo firme alebo v in\u00fdch priestoroch.<\/p>\n<p>Te\u0161\u00edme sa na va\u0161u n\u00e1v\u0161tevu.<\/p>\n<\/div>\n\t\t<\/div><\/div><div id=\"pgc-732-4-1\"  class=\"panel-grid-cell\" ><div id=\"panel-732-4-1-0\" class=\"so-panel widget widget_text panel-first-child panel-last-child\" data-index=\"9\" >\t\t\t<div class=\"textwidget\"><iframe src=\"http:\/\/www.youtube.com\/embed\/faJOoMQgfU0\" frameborder=\"0\" allowfullscreen=\"true\"><\/iframe><\/div>\n\t\t<\/div><\/div><\/div><\/div>","protected":false},"excerpt":{"rendered":"<p>sa nach\u00e1dza v obci Zvolensk\u00e1 Slatina 10 km od Zvolena smerom na Ko\u0161ice. Penzi\u00f3n m\u00e1 kapacitu 30 l\u00f4\u017eok v \u0161tandardn\u00fdch a rodinn\u00fdch izb\u00e1ch so samostatnou k\u00fapel\u0148ou a sprchovac\u00edm k\u00fatom , satelitn\u00fdm pr\u00edjmom TV, bezplatn\u00fdm WI-Fi na izb\u00e1ch aj v celom are\u00e1li penzi\u00f3nu. L\u00e1kav\u00e9 je aj bezplatn\u00e9 parkovanie osobn\u00fdch vozidiel v bezpe\u010dnom uzavretom dvore, vyh\u013ead\u00e1van\u00e9 najm\u00e4 &#8230;<\/p>\n","protected":false},"author":1,"featured_media":0,"parent":0,"menu_order":0,"comment_status":"closed","ping_status":"closed","template":"template-full.php","meta":{"footnotes":""},"class_list":["post-732","page","type-page","status-publish","hentry"],"aioseo_notices":[],"_links":{"self":[{"href":"https:\/\/www.penzionzlatydukat.sk\/en\/wp-json\/wp\/v2\/pages\/732","targetHints":{"allow":["GET"]}}],"collection":[{"href":"https:\/\/www.penzionzlatydukat.sk\/en\/wp-json\/wp\/v2\/pages"}],"about":[{"href":"https:\/\/www.penzionzlatydukat.sk\/en\/wp-json\/wp\/v2\/types\/page"}],"author":[{"embeddable":true,"href":"https:\/\/www.penzionzlatydukat.sk\/en\/wp-json\/wp\/v2\/users\/1"}],"replies":[{"embeddable":true,"href":"https:\/\/www.penzionzlatydukat.sk\/en\/wp-json\/wp\/v2\/comments?post=732"}],"version-history":[{"count":33,"href":"https:\/\/www.penzionzlatydukat.sk\/en\/wp-json\/wp\/v2\/pages\/732\/revisions"}],"predecessor-version":[{"id":6324,"href":"https:\/\/www.penzionzlatydukat.sk\/en\/wp-json\/wp\/v2\/pages\/732\/revisions\/6324"}],"wp:attachment":[{"href":"https:\/\/www.penzionzlatydukat.sk\/en\/wp-json\/wp\/v2\/media?parent=732"}],"curies":[{"name":"wp","href":"https:\/\/api.w.org\/{rel}","templated":true}]}}