{"id":736,"date":"2017-02-27T14:02:07","date_gmt":"2017-02-27T13:02:07","guid":{"rendered":"http:\/\/www.penzionzlatydukat.sk\/?page_id=736"},"modified":"2021-03-13T21:20:00","modified_gmt":"2021-03-13T20:20:00","slug":"zahradne-svadby","status":"publish","type":"page","link":"https:\/\/www.penzionzlatydukat.sk\/en\/zahradne-svadby\/","title":{"rendered":"Zahradn\u00e9 svadby"},"content":{"rendered":"<div id=\"pl-736\"  class=\"panel-layout\" ><div id=\"pg-736-0\"  class=\"panel-grid panel-no-style\" ><div id=\"pgc-736-0-0\"  class=\"panel-grid-cell\" ><div id=\"panel-736-0-0-0\" class=\"so-panel widget widget_sow-image panel-first-child panel-last-child\" data-index=\"0\" ><div\n\t\t\t\n\t\t\tclass=\"so-widget-sow-image so-widget-sow-image-default-8b5b6f678277-736\"\n\t\t\t\n\t\t>\n<div class=\"sow-image-container\">\n\t\t<img \n\tsrc=\"https:\/\/www.penzionzlatydukat.sk\/wp-content\/themes\/linguini\/frontend\/assets\/images\/placeholder.png\" data-src=\"https:\/\/www.penzionzlatydukat.sk\/wp-content\/uploads\/2019\/06\/IMG_7835.jpg\" width=\"5184\" height=\"3456\" srcset=\"https:\/\/www.penzionzlatydukat.sk\/wp-content\/uploads\/2019\/06\/IMG_7835.jpg 5184w, https:\/\/www.penzionzlatydukat.sk\/wp-content\/uploads\/2019\/06\/IMG_7835-300x200.jpg 300w, https:\/\/www.penzionzlatydukat.sk\/wp-content\/uploads\/2019\/06\/IMG_7835-768x512.jpg 768w, https:\/\/www.penzionzlatydukat.sk\/wp-content\/uploads\/2019\/06\/IMG_7835-1024x683.jpg 1024w, https:\/\/www.penzionzlatydukat.sk\/wp-content\/uploads\/2019\/06\/IMG_7835-1920x1280.jpg 1920w, https:\/\/www.penzionzlatydukat.sk\/wp-content\/uploads\/2019\/06\/IMG_7835-1200x800.jpg 1200w, https:\/\/www.penzionzlatydukat.sk\/wp-content\/uploads\/2019\/06\/IMG_7835-272x182.jpg 272w\" sizes=\"(max-width: 5184px) 100vw, 5184px\" alt=\"\" \t\tclass=\"fy-image fy-image-responsive fy-lazy so-widget-image\"\/><noscript><img \n\tsrc=\"https:\/\/www.penzionzlatydukat.sk\/wp-content\/uploads\/2019\/06\/IMG_7835.jpg\" width=\"5184\" height=\"3456\" srcset=\"https:\/\/www.penzionzlatydukat.sk\/wp-content\/uploads\/2019\/06\/IMG_7835.jpg 5184w, https:\/\/www.penzionzlatydukat.sk\/wp-content\/uploads\/2019\/06\/IMG_7835-300x200.jpg 300w, https:\/\/www.penzionzlatydukat.sk\/wp-content\/uploads\/2019\/06\/IMG_7835-768x512.jpg 768w, https:\/\/www.penzionzlatydukat.sk\/wp-content\/uploads\/2019\/06\/IMG_7835-1024x683.jpg 1024w, https:\/\/www.penzionzlatydukat.sk\/wp-content\/uploads\/2019\/06\/IMG_7835-1920x1280.jpg 1920w, https:\/\/www.penzionzlatydukat.sk\/wp-content\/uploads\/2019\/06\/IMG_7835-1200x800.jpg 1200w, https:\/\/www.penzionzlatydukat.sk\/wp-content\/uploads\/2019\/06\/IMG_7835-272x182.jpg 272w\" sizes=\"(max-width: 5184px) 100vw, 5184px\" alt=\"\" \t\tclass=\"so-widget-image\"\/><\/noscript>\n\t<\/div>\n\n<\/div><\/div><\/div><div id=\"pgc-736-0-1\"  class=\"panel-grid-cell\" ><div id=\"panel-736-0-1-0\" class=\"so-panel widget widget_sow-image panel-first-child panel-last-child\" data-index=\"1\" ><div\n\t\t\t\n\t\t\tclass=\"so-widget-sow-image so-widget-sow-image-default-8b5b6f678277-736\"\n\t\t\t\n\t\t>\n<div class=\"sow-image-container\">\n\t\t<img \n\tsrc=\"https:\/\/www.penzionzlatydukat.sk\/wp-content\/themes\/linguini\/frontend\/assets\/images\/placeholder.png\" data-src=\"https:\/\/www.penzionzlatydukat.sk\/wp-content\/uploads\/2018\/08\/9Svadba-Lenka-a-Pali.jpg\" width=\"800\" height=\"533\" srcset=\"https:\/\/www.penzionzlatydukat.sk\/wp-content\/uploads\/2018\/08\/9Svadba-Lenka-a-Pali.jpg 800w, https:\/\/www.penzionzlatydukat.sk\/wp-content\/uploads\/2018\/08\/9Svadba-Lenka-a-Pali-300x200.jpg 300w, https:\/\/www.penzionzlatydukat.sk\/wp-content\/uploads\/2018\/08\/9Svadba-Lenka-a-Pali-768x512.jpg 768w, https:\/\/www.penzionzlatydukat.sk\/wp-content\/uploads\/2018\/08\/9Svadba-Lenka-a-Pali-272x182.jpg 272w\" sizes=\"(max-width: 800px) 100vw, 800px\" title=\"9Svadba Lenka a Pali\" alt=\"\" \t\tclass=\"fy-image fy-image-responsive fy-lazy so-widget-image\"\/><noscript><img \n\tsrc=\"https:\/\/www.penzionzlatydukat.sk\/wp-content\/uploads\/2018\/08\/9Svadba-Lenka-a-Pali.jpg\" width=\"800\" height=\"533\" srcset=\"https:\/\/www.penzionzlatydukat.sk\/wp-content\/uploads\/2018\/08\/9Svadba-Lenka-a-Pali.jpg 800w, https:\/\/www.penzionzlatydukat.sk\/wp-content\/uploads\/2018\/08\/9Svadba-Lenka-a-Pali-300x200.jpg 300w, https:\/\/www.penzionzlatydukat.sk\/wp-content\/uploads\/2018\/08\/9Svadba-Lenka-a-Pali-768x512.jpg 768w, https:\/\/www.penzionzlatydukat.sk\/wp-content\/uploads\/2018\/08\/9Svadba-Lenka-a-Pali-272x182.jpg 272w\" sizes=\"(max-width: 800px) 100vw, 800px\" title=\"9Svadba Lenka a Pali\" alt=\"\" \t\tclass=\"so-widget-image\"\/><\/noscript>\n\t<\/div>\n\n<\/div><\/div><\/div><div id=\"pgc-736-0-2\"  class=\"panel-grid-cell\" ><div id=\"panel-736-0-2-0\" class=\"so-panel widget widget_sow-image panel-first-child panel-last-child\" data-index=\"2\" ><div\n\t\t\t\n\t\t\tclass=\"so-widget-sow-image so-widget-sow-image-default-8b5b6f678277-736\"\n\t\t\t\n\t\t>\n<div class=\"sow-image-container\">\n\t\t<img \n\tsrc=\"https:\/\/www.penzionzlatydukat.sk\/wp-content\/themes\/linguini\/frontend\/assets\/images\/placeholder.png\" data-src=\"https:\/\/www.penzionzlatydukat.sk\/wp-content\/uploads\/2017\/02\/WEB-pzd-foto-3.jpg\" width=\"594\" height=\"396\" srcset=\"https:\/\/www.penzionzlatydukat.sk\/wp-content\/uploads\/2017\/02\/WEB-pzd-foto-3.jpg 594w, https:\/\/www.penzionzlatydukat.sk\/wp-content\/uploads\/2017\/02\/WEB-pzd-foto-3-300x200.jpg 300w, https:\/\/www.penzionzlatydukat.sk\/wp-content\/uploads\/2017\/02\/WEB-pzd-foto-3-272x182.jpg 272w\" sizes=\"(max-width: 594px) 100vw, 594px\" title=\"Zahradn\u00e9 svadby\" alt=\"Zahradn\u00e9 svadby\" \t\tclass=\"fy-image fy-image-responsive fy-lazy so-widget-image\"\/><noscript><img \n\tsrc=\"https:\/\/www.penzionzlatydukat.sk\/wp-content\/uploads\/2017\/02\/WEB-pzd-foto-3.jpg\" width=\"594\" height=\"396\" srcset=\"https:\/\/www.penzionzlatydukat.sk\/wp-content\/uploads\/2017\/02\/WEB-pzd-foto-3.jpg 594w, https:\/\/www.penzionzlatydukat.sk\/wp-content\/uploads\/2017\/02\/WEB-pzd-foto-3-300x200.jpg 300w, https:\/\/www.penzionzlatydukat.sk\/wp-content\/uploads\/2017\/02\/WEB-pzd-foto-3-272x182.jpg 272w\" sizes=\"(max-width: 594px) 100vw, 594px\" title=\"Zahradn\u00e9 svadby\" alt=\"Zahradn\u00e9 svadby\" \t\tclass=\"so-widget-image\"\/><\/noscript>\n\t<\/div>\n\n<\/div><\/div><\/div><\/div><div id=\"pg-736-1\"  class=\"panel-grid panel-no-style\" ><div id=\"pgc-736-1-0\"  class=\"panel-grid-cell\" ><div id=\"panel-736-1-0-0\" class=\"so-panel widget widget_sow-editor panel-first-child panel-last-child\" data-index=\"3\" ><div\n\t\t\t\n\t\t\tclass=\"so-widget-sow-editor so-widget-sow-editor-base\"\n\t\t\t\n\t\t>\n<div class=\"siteorigin-widget-tinymce textwidget\">\n\t<p>Ak h\u013ead\u00e1te miesto v pr\u00edjemnom prostred\u00ed, kde si poviete svoje \u201c\u00c1no\u201d, alebo nem\u00e1te radi studen\u00e9 a ve\u013ekolep\u00e9 kostoly \u010di z\u00e1mky, alebo jednoducho h\u013ead\u00e1te nie\u010do menej tradi\u010dn\u00e9 a \u0161t\u00fdlov\u00e9, je svadba priamo pod hviezdami ur\u010den\u00e1 pr\u00e1ve pre V\u00e1s. Z\u00e1hrada v penzi\u00f3ne Zlat\u00fd duk\u00e1t*** pon\u00faka mo\u017enos\u0165 zorganizova\u0165 svadobn\u00fd de\u0148 priamo v priestoroch z\u00e1hrady. Radi pre V\u00e1s zabezpe\u010d\u00edme v svadobn\u00fd de\u0148 priestory, vynikaj\u00face jedlo, hudbu a v\u00fdzdobu, pr\u00edpadne in\u00e9 slu\u017eby. Bude n\u00e1m pote\u0161en\u00edm, ak m\u00f4\u017eeme prispie\u0165 svojou snahou k jedn\u00e9mu z najkraj\u0161\u00edch dn\u00ed vo Va\u0161om \u017eivote.<\/p>\n<\/div>\n<\/div><\/div><\/div><\/div><div id=\"pg-736-2\"  class=\"panel-grid panel-no-style\" ><div id=\"pgc-736-2-0\"  class=\"panel-grid-cell\" ><div id=\"panel-736-2-0-0\" class=\"so-panel widget widget_sow-image panel-first-child\" data-index=\"4\" ><div\n\t\t\t\n\t\t\tclass=\"so-widget-sow-image so-widget-sow-image-default-8b5b6f678277-736\"\n\t\t\t\n\t\t>\n<div class=\"sow-image-container\">\n\t\t<img \n\tsrc=\"https:\/\/www.penzionzlatydukat.sk\/wp-content\/themes\/linguini\/frontend\/assets\/images\/placeholder.png\" data-src=\"https:\/\/www.penzionzlatydukat.sk\/wp-content\/uploads\/2017\/02\/WEB-pzd-foto-4.jpg\" width=\"590\" height=\"393\" srcset=\"https:\/\/www.penzionzlatydukat.sk\/wp-content\/uploads\/2017\/02\/WEB-pzd-foto-4.jpg 590w, https:\/\/www.penzionzlatydukat.sk\/wp-content\/uploads\/2017\/02\/WEB-pzd-foto-4-300x200.jpg 300w, https:\/\/www.penzionzlatydukat.sk\/wp-content\/uploads\/2017\/02\/WEB-pzd-foto-4-272x182.jpg 272w\" sizes=\"(max-width: 590px) 100vw, 590px\" title=\"Zahradn\u00e9 svadby\" alt=\"Zahradn\u00e9 svadby\" \t\tclass=\"fy-image fy-image-responsive fy-lazy so-widget-image\"\/><noscript><img \n\tsrc=\"https:\/\/www.penzionzlatydukat.sk\/wp-content\/uploads\/2017\/02\/WEB-pzd-foto-4.jpg\" width=\"590\" height=\"393\" srcset=\"https:\/\/www.penzionzlatydukat.sk\/wp-content\/uploads\/2017\/02\/WEB-pzd-foto-4.jpg 590w, https:\/\/www.penzionzlatydukat.sk\/wp-content\/uploads\/2017\/02\/WEB-pzd-foto-4-300x200.jpg 300w, https:\/\/www.penzionzlatydukat.sk\/wp-content\/uploads\/2017\/02\/WEB-pzd-foto-4-272x182.jpg 272w\" sizes=\"(max-width: 590px) 100vw, 590px\" title=\"Zahradn\u00e9 svadby\" alt=\"Zahradn\u00e9 svadby\" \t\tclass=\"so-widget-image\"\/><\/noscript>\n\t<\/div>\n\n<\/div><\/div><div id=\"panel-736-2-0-1\" class=\"so-panel widget widget_sow-editor panel-last-child\" data-index=\"5\" ><div\n\t\t\t\n\t\t\tclass=\"so-widget-sow-editor so-widget-sow-editor-base\"\n\t\t\t\n\t\t>\n<div class=\"siteorigin-widget-tinymce textwidget\">\n\t<p>V penzi\u00f3ne Zlat\u00fd duk\u00e1t urob\u00ed team mlad\u00fdch \u013eud\u00ed v\u0161etko, aby ste pre\u017eili svadbu, o akej sa p\u00ed\u0161e v rozpr\u00e1vkov\u00fdch kni\u017ek\u00e1ch. Organiz\u00e1cii z\u00e1hradn\u00fdch svadieb sa venujeme od roku 2012. Sme skvel\u00fd team, do ktor\u00e9ho ka\u017ed\u00fd z n\u00e1s prin\u00e1\u0161a svoje schopnosti a sk\u00fasenosti.<\/p>\n<\/div>\n<\/div><\/div><\/div><div id=\"pgc-736-2-1\"  class=\"panel-grid-cell\" ><div id=\"panel-736-2-1-0\" class=\"so-panel widget widget_sow-image panel-first-child\" data-index=\"6\" ><div\n\t\t\t\n\t\t\tclass=\"so-widget-sow-image so-widget-sow-image-default-8b5b6f678277-736\"\n\t\t\t\n\t\t>\n<div class=\"sow-image-container\">\n\t\t<img \n\tsrc=\"https:\/\/www.penzionzlatydukat.sk\/wp-content\/themes\/linguini\/frontend\/assets\/images\/placeholder.png\" data-src=\"https:\/\/www.penzionzlatydukat.sk\/wp-content\/uploads\/2017\/02\/WEB-pzd-foto-5.jpg\" width=\"604\" height=\"402\" srcset=\"https:\/\/www.penzionzlatydukat.sk\/wp-content\/uploads\/2017\/02\/WEB-pzd-foto-5.jpg 604w, https:\/\/www.penzionzlatydukat.sk\/wp-content\/uploads\/2017\/02\/WEB-pzd-foto-5-300x200.jpg 300w, https:\/\/www.penzionzlatydukat.sk\/wp-content\/uploads\/2017\/02\/WEB-pzd-foto-5-272x182.jpg 272w\" sizes=\"(max-width: 604px) 100vw, 604px\" title=\"Zahradn\u00e9 svadby\" alt=\"Zahradn\u00e9 svadby\" \t\tclass=\"fy-image fy-image-responsive fy-lazy so-widget-image\"\/><noscript><img \n\tsrc=\"https:\/\/www.penzionzlatydukat.sk\/wp-content\/uploads\/2017\/02\/WEB-pzd-foto-5.jpg\" width=\"604\" height=\"402\" srcset=\"https:\/\/www.penzionzlatydukat.sk\/wp-content\/uploads\/2017\/02\/WEB-pzd-foto-5.jpg 604w, https:\/\/www.penzionzlatydukat.sk\/wp-content\/uploads\/2017\/02\/WEB-pzd-foto-5-300x200.jpg 300w, https:\/\/www.penzionzlatydukat.sk\/wp-content\/uploads\/2017\/02\/WEB-pzd-foto-5-272x182.jpg 272w\" sizes=\"(max-width: 604px) 100vw, 604px\" title=\"Zahradn\u00e9 svadby\" alt=\"Zahradn\u00e9 svadby\" \t\tclass=\"so-widget-image\"\/><\/noscript>\n\t<\/div>\n\n<\/div><\/div><div id=\"panel-736-2-1-1\" class=\"so-panel widget widget_sow-editor panel-last-child\" data-index=\"7\" ><div\n\t\t\t\n\t\t\tclass=\"so-widget-sow-editor so-widget-sow-editor-base\"\n\t\t\t\n\t\t>\n<div class=\"siteorigin-widget-tinymce textwidget\">\n\t<p>Svadobn\u00fd obrad v kr\u00e1snej z\u00e1hrade plnej zelene, pod nazdobenou pergolou, v ktoromko\u013evek dni v t\u00fd\u017edni, sta\u010d\u00ed si len vybra\u0165.<\/p>\n<\/div>\n<\/div><\/div><\/div><\/div><div id=\"pg-736-3\"  class=\"panel-grid panel-no-style\" ><div id=\"pgc-736-3-0\"  class=\"panel-grid-cell\" ><div id=\"panel-736-3-0-0\" class=\"so-panel widget widget_sow-image panel-first-child\" data-index=\"8\" ><div\n\t\t\t\n\t\t\tclass=\"so-widget-sow-image so-widget-sow-image-default-8b5b6f678277-736\"\n\t\t\t\n\t\t>\n<div class=\"sow-image-container\">\n\t\t<img \n\tsrc=\"https:\/\/www.penzionzlatydukat.sk\/wp-content\/themes\/linguini\/frontend\/assets\/images\/placeholder.png\" data-src=\"https:\/\/www.penzionzlatydukat.sk\/wp-content\/uploads\/2017\/02\/WEB-pzd-foto-6.jpg\" width=\"594\" height=\"395\" srcset=\"https:\/\/www.penzionzlatydukat.sk\/wp-content\/uploads\/2017\/02\/WEB-pzd-foto-6.jpg 594w, https:\/\/www.penzionzlatydukat.sk\/wp-content\/uploads\/2017\/02\/WEB-pzd-foto-6-300x199.jpg 300w, https:\/\/www.penzionzlatydukat.sk\/wp-content\/uploads\/2017\/02\/WEB-pzd-foto-6-272x182.jpg 272w\" sizes=\"(max-width: 594px) 100vw, 594px\" title=\"Zahradn\u00e9 svadby\" alt=\"Zahradn\u00e9 svadby\" \t\tclass=\"fy-image fy-image-responsive fy-lazy so-widget-image\"\/><noscript><img \n\tsrc=\"https:\/\/www.penzionzlatydukat.sk\/wp-content\/uploads\/2017\/02\/WEB-pzd-foto-6.jpg\" width=\"594\" height=\"395\" srcset=\"https:\/\/www.penzionzlatydukat.sk\/wp-content\/uploads\/2017\/02\/WEB-pzd-foto-6.jpg 594w, https:\/\/www.penzionzlatydukat.sk\/wp-content\/uploads\/2017\/02\/WEB-pzd-foto-6-300x199.jpg 300w, https:\/\/www.penzionzlatydukat.sk\/wp-content\/uploads\/2017\/02\/WEB-pzd-foto-6-272x182.jpg 272w\" sizes=\"(max-width: 594px) 100vw, 594px\" title=\"Zahradn\u00e9 svadby\" alt=\"Zahradn\u00e9 svadby\" \t\tclass=\"so-widget-image\"\/><\/noscript>\n\t<\/div>\n\n<\/div><\/div><div id=\"panel-736-3-0-1\" class=\"so-panel widget widget_sow-editor panel-last-child\" data-index=\"9\" ><div\n\t\t\t\n\t\t\tclass=\"so-widget-sow-editor so-widget-sow-editor-base\"\n\t\t\t\n\t\t>\n<div class=\"siteorigin-widget-tinymce textwidget\">\n\t<p>Svadobn\u00e1 odobierka na terase spolu s pred svadobn\u00fdm pohosten\u00edm v z\u00e1hradnom alt\u00e1nku, je ide\u00e1lny sp\u00f4sob na stretnutie v\u0161etk\u00fdch Va\u0161ich host\u00ed pred svadobnou hostinou a obradom na jednom mieste. Va\u0161i hostia sa m\u00f4\u017eu po pr\u00edchode ob\u010derstvi\u0165, ubytova\u0165 a v pohodl\u00ed penzi\u00f3nu pripravi\u0165 na V\u00e1\u0161 ve\u013ek\u00fd de\u0148.<\/p>\n<\/div>\n<\/div><\/div><\/div><div id=\"pgc-736-3-1\"  class=\"panel-grid-cell\" ><div id=\"panel-736-3-1-0\" class=\"so-panel widget widget_sow-image panel-first-child\" data-index=\"10\" ><div\n\t\t\t\n\t\t\tclass=\"so-widget-sow-image so-widget-sow-image-default-8b5b6f678277-736\"\n\t\t\t\n\t\t>\n<div class=\"sow-image-container\">\n\t\t<img \n\tsrc=\"https:\/\/www.penzionzlatydukat.sk\/wp-content\/themes\/linguini\/frontend\/assets\/images\/placeholder.png\" data-src=\"http:\/\/7589\" title=\"Zahradn\u00e9 svadby\" alt=\"\" \t\tclass=\"fy-image fy-image-responsive fy-lazy so-widget-image\"\/><noscript><img \n\tsrc=\"http:\/\/7589\" title=\"Zahradn\u00e9 svadby\" alt=\"\" \t\tclass=\"so-widget-image\"\/><\/noscript>\n\t<\/div>\n\n<\/div><\/div><div id=\"panel-736-3-1-1\" class=\"so-panel widget widget_sow-editor panel-last-child\" data-index=\"11\" ><div\n\t\t\t\n\t\t\tclass=\"so-widget-sow-editor so-widget-sow-editor-base\"\n\t\t\t\n\t\t>\n<div class=\"siteorigin-widget-tinymce textwidget\">\n\t<p>Hudba ktor\u00e1 bude pre V\u00e1s hra\u0165, \u010di u\u017e je to DJ alebo \u017eiv\u00e1 hudba, m\u00e1 k dispoz\u00edcii \u0161peci\u00e1lne p\u00f3dium, kde sa m\u00f4\u017eu v\u010das pred za\u010dat\u00edm pripravi\u0165 a z\u00e1rove\u0148 ob\u010derstvi\u0165 sa po\u010das celej noci.<\/p>\n<\/div>\n<\/div><\/div><\/div><\/div><div id=\"pg-736-4\"  class=\"panel-grid panel-no-style\" ><div id=\"pgc-736-4-0\"  class=\"panel-grid-cell\" ><div id=\"panel-736-4-0-0\" class=\"so-panel widget widget_sow-image panel-first-child\" data-index=\"12\" ><div\n\t\t\t\n\t\t\tclass=\"so-widget-sow-image so-widget-sow-image-default-8b5b6f678277-736\"\n\t\t\t\n\t\t>\n<div class=\"sow-image-container\">\n\t\t<img \n\tsrc=\"https:\/\/www.penzionzlatydukat.sk\/wp-content\/themes\/linguini\/frontend\/assets\/images\/placeholder.png\" data-src=\"https:\/\/www.penzionzlatydukat.sk\/wp-content\/uploads\/2017\/02\/WEB-pzd-foto-8.jpg\" width=\"601\" height=\"401\" srcset=\"https:\/\/www.penzionzlatydukat.sk\/wp-content\/uploads\/2017\/02\/WEB-pzd-foto-8.jpg 601w, https:\/\/www.penzionzlatydukat.sk\/wp-content\/uploads\/2017\/02\/WEB-pzd-foto-8-300x200.jpg 300w, https:\/\/www.penzionzlatydukat.sk\/wp-content\/uploads\/2017\/02\/WEB-pzd-foto-8-272x182.jpg 272w\" sizes=\"(max-width: 601px) 100vw, 601px\" title=\"Zahradn\u00e9 svadby\" alt=\"Zahradn\u00e9 svadby\" \t\tclass=\"fy-image fy-image-responsive fy-lazy so-widget-image\"\/><noscript><img \n\tsrc=\"https:\/\/www.penzionzlatydukat.sk\/wp-content\/uploads\/2017\/02\/WEB-pzd-foto-8.jpg\" width=\"601\" height=\"401\" srcset=\"https:\/\/www.penzionzlatydukat.sk\/wp-content\/uploads\/2017\/02\/WEB-pzd-foto-8.jpg 601w, https:\/\/www.penzionzlatydukat.sk\/wp-content\/uploads\/2017\/02\/WEB-pzd-foto-8-300x200.jpg 300w, https:\/\/www.penzionzlatydukat.sk\/wp-content\/uploads\/2017\/02\/WEB-pzd-foto-8-272x182.jpg 272w\" sizes=\"(max-width: 601px) 100vw, 601px\" title=\"Zahradn\u00e9 svadby\" alt=\"Zahradn\u00e9 svadby\" \t\tclass=\"so-widget-image\"\/><\/noscript>\n\t<\/div>\n\n<\/div><\/div><div id=\"panel-736-4-0-1\" class=\"so-panel widget widget_sow-editor panel-last-child\" data-index=\"13\" ><div\n\t\t\t\n\t\t\tclass=\"so-widget-sow-editor so-widget-sow-editor-base\"\n\t\t\t\n\t\t>\n<div class=\"siteorigin-widget-tinymce textwidget\">\n\t<p>Na svadobn\u00fa hostinu si m\u00f4\u017eete vybra\u0165 z viacer\u00fdch prvotriednych menu. N\u00e1\u0161 penzi\u00f3n je zn\u00e1my skvelou slovenskou kuchy\u0148ou a n\u00e1\u0161 team kuch\u00e1rov pre V\u00e1s radi priprav\u00ed nielen tradi\u010dn\u00e9, ale aj netradi\u010dn\u00e9 svadobn\u00e9 jedl\u00e1, tak aby vytvorili nezabudnute\u013en\u00fd z\u00e1\u017eitok pre V\u00e1s a Va\u0161ich host\u00ed po\u010das celej svadobnej hostiny.<\/p>\n<\/div>\n<\/div><\/div><\/div><div id=\"pgc-736-4-1\"  class=\"panel-grid-cell\" ><div id=\"panel-736-4-1-0\" class=\"so-panel widget widget_sow-image panel-first-child\" data-index=\"14\" ><div\n\t\t\t\n\t\t\tclass=\"so-widget-sow-image so-widget-sow-image-default-8b5b6f678277-736\"\n\t\t\t\n\t\t>\n<div class=\"sow-image-container\">\n\t\t<img \n\tsrc=\"https:\/\/www.penzionzlatydukat.sk\/wp-content\/themes\/linguini\/frontend\/assets\/images\/placeholder.png\" data-src=\"https:\/\/www.penzionzlatydukat.sk\/wp-content\/uploads\/2017\/02\/WEB-pzd-foto-9.jpg\" width=\"592\" height=\"395\" srcset=\"https:\/\/www.penzionzlatydukat.sk\/wp-content\/uploads\/2017\/02\/WEB-pzd-foto-9.jpg 592w, https:\/\/www.penzionzlatydukat.sk\/wp-content\/uploads\/2017\/02\/WEB-pzd-foto-9-300x200.jpg 300w, https:\/\/www.penzionzlatydukat.sk\/wp-content\/uploads\/2017\/02\/WEB-pzd-foto-9-272x182.jpg 272w\" sizes=\"(max-width: 592px) 100vw, 592px\" title=\"Zahradn\u00e9 svadby\" alt=\"Zahradn\u00e9 svadby\" \t\tclass=\"fy-image fy-image-responsive fy-lazy so-widget-image\"\/><noscript><img \n\tsrc=\"https:\/\/www.penzionzlatydukat.sk\/wp-content\/uploads\/2017\/02\/WEB-pzd-foto-9.jpg\" width=\"592\" height=\"395\" srcset=\"https:\/\/www.penzionzlatydukat.sk\/wp-content\/uploads\/2017\/02\/WEB-pzd-foto-9.jpg 592w, https:\/\/www.penzionzlatydukat.sk\/wp-content\/uploads\/2017\/02\/WEB-pzd-foto-9-300x200.jpg 300w, https:\/\/www.penzionzlatydukat.sk\/wp-content\/uploads\/2017\/02\/WEB-pzd-foto-9-272x182.jpg 272w\" sizes=\"(max-width: 592px) 100vw, 592px\" title=\"Zahradn\u00e9 svadby\" alt=\"Zahradn\u00e9 svadby\" \t\tclass=\"so-widget-image\"\/><\/noscript>\n\t<\/div>\n\n<\/div><\/div><div id=\"panel-736-4-1-1\" class=\"so-panel widget widget_sow-editor panel-last-child\" data-index=\"15\" ><div\n\t\t\t\n\t\t\tclass=\"so-widget-sow-editor so-widget-sow-editor-base\"\n\t\t\t\n\t\t>\n<div class=\"siteorigin-widget-tinymce textwidget\">\n\t<p>Pokia\u013e si budete \u017eela\u0165 prinies\u0165 vlastn\u00e9 kol\u00e1\u010diky albo cukrovinky, ktor\u00e9 V\u00e1m pripravia mamy alebo babky, person\u00e1l penzi\u00f3nu Zlat\u00fd duk\u00e1t V\u00e1m vyjde plne v \u00fastrety. V opa\u010dnom pr\u00edpade sme pripraven\u00ed zabezpe\u010di\u0165 pre V\u00e1s v\u0161etok sladk\u00fd a slan\u00fd sortiment, ktor\u00fd je mo\u017en\u00e9 pripravi\u0165 pre Va\u0161ich host\u00ed vo forme candy baru, pr\u00edpadne na stoly po sl\u00e1vnostnej ve\u010dery ku k\u00e1ve.<\/p>\n<\/div>\n<\/div><\/div><\/div><\/div><\/div>","protected":false},"excerpt":{"rendered":"<p>Ak h\u013ead\u00e1te miesto v pr\u00edjemnom prostred\u00ed, kde si poviete svoje \u201c\u00c1no\u201d, alebo nem\u00e1te radi studen\u00e9 a ve\u013ekolep\u00e9 kostoly \u010di z\u00e1mky, alebo jednoducho h\u013ead\u00e1te nie\u010do menej tradi\u010dn\u00e9 a \u0161t\u00fdlov\u00e9, je svadba priamo pod hviezdami ur\u010den\u00e1 pr\u00e1ve pre V\u00e1s. Z\u00e1hrada v penzi\u00f3ne Zlat\u00fd duk\u00e1t*** pon\u00faka mo\u017enos\u0165 zorganizova\u0165 svadobn\u00fd de\u0148 priamo v priestoroch z\u00e1hrady. Radi pre V\u00e1s zabezpe\u010d\u00edme &#8230;<\/p>\n","protected":false},"author":1,"featured_media":0,"parent":0,"menu_order":0,"comment_status":"closed","ping_status":"closed","template":"template-full.php","meta":{"footnotes":""},"class_list":["post-736","page","type-page","status-publish","hentry"],"aioseo_notices":[],"_links":{"self":[{"href":"https:\/\/www.penzionzlatydukat.sk\/en\/wp-json\/wp\/v2\/pages\/736","targetHints":{"allow":["GET"]}}],"collection":[{"href":"https:\/\/www.penzionzlatydukat.sk\/en\/wp-json\/wp\/v2\/pages"}],"about":[{"href":"https:\/\/www.penzionzlatydukat.sk\/en\/wp-json\/wp\/v2\/types\/page"}],"author":[{"embeddable":true,"href":"https:\/\/www.penzionzlatydukat.sk\/en\/wp-json\/wp\/v2\/users\/1"}],"replies":[{"embeddable":true,"href":"https:\/\/www.penzionzlatydukat.sk\/en\/wp-json\/wp\/v2\/comments?post=736"}],"version-history":[{"count":28,"href":"https:\/\/www.penzionzlatydukat.sk\/en\/wp-json\/wp\/v2\/pages\/736\/revisions"}],"predecessor-version":[{"id":9025,"href":"https:\/\/www.penzionzlatydukat.sk\/en\/wp-json\/wp\/v2\/pages\/736\/revisions\/9025"}],"wp:attachment":[{"href":"https:\/\/www.penzionzlatydukat.sk\/en\/wp-json\/wp\/v2\/media?parent=736"}],"curies":[{"name":"wp","href":"https:\/\/api.w.org\/{rel}","templated":true}]}}